{"id":42,"date":"2019-07-16T14:41:22","date_gmt":"2019-07-16T14:41:22","guid":{"rendered":"https:\/\/linkhub.ch\/?page_id=42"},"modified":"2020-11-09T14:44:51","modified_gmt":"2020-11-09T14:44:51","slug":"uber-uns","status":"publish","type":"page","link":"https:\/\/linkhub.ch\/de\/uber-uns\/","title":{"rendered":"\u00dcber uns"},"content":{"rendered":"\n<p class=\"has-background has-very-light-gray-background-color\">linkhub.ch ist eine strategische Initiative, die darauf abzielt, den\nZugang zu und die Verkn\u00fcpfung von Daten f\u00fcr Forschungszwecke zu erleichtern.<\/p>\n\n\n\n<h2 class=\"wp-block-heading\">Ausgangslage<\/h2>\n\n\n\n<p>Die durch die Digitalisierung induzierte Zunahme von Daten und die Vervielfachung von Daten und Datenquellen bieten beispiellose M\u00f6glichkeiten, Wissen \u00fcber Gesellschaften zu generieren.<\/p>\n\n\n\n<p>Der Zugang und die Analyse von Daten der\n\u00f6ffentlichen Verwaltung und dem Privatsektor sind unerl\u00e4sslich um noch bessere\nInformationsgrundlagen f\u00fcr die Gesellschaft und die Politik bereitstellen zu k\u00f6nnen.\nTrotz der Existenz zahlreicher und qualitativ hochwertiger Daten und des\nPotenzials, das ihre Verwendung f\u00fcr unsere Gesellschaft darstellt, stehen\nsowohl Forschende als auch die Verwaltung vor Herausforderungen bei der\nVerwendung solcher Daten. Diese Herausforderungen betreffen haupts\u00e4chlich den\nZugriff und die Verkn\u00fcpfung dieser Daten sowie die Speicherung verkn\u00fcpfter\nDaten f\u00fcr die Reproduktion der Ergebnisse und f\u00fcr Sekund\u00e4ranalysen.<\/p>\n\n\n\n<p>Die Verkn\u00fcpfung von Daten ist wertvoll f\u00fcr\ndie Informationsgewinnung, da sie die Generierung von neuen Informationen\nerm\u00f6glicht, indem Daten zur selben Person aus verschiedenen bestehenden Quellen\nkombiniert werden.<\/p>\n\n\n\n<h2 class=\"wp-block-heading\">Ziel<\/h2>\n\n\n\n<p>Um die Nutzung verkn\u00fcpfter Daten zu f\u00f6rdern, haben sich mehrere Partnerinstitutionen mit <a href=\"https:\/\/forscenter.ch\/?lang=de\">FORS <\/a>zusammengeschlossen. <a href=\"https:\/\/nccr-onthemove.ch\/\">NCCR on the move<\/a>, dem <a href=\"https:\/\/centre-lives.ch\/en\">Centre LIVES<\/a>, <a href=\"https:\/\/www.swissrdl.unibe.ch\/\">Swiss RDL<\/a>, <a href=\"https:\/\/www.swissnationalcohort.ch\/\">Swiss National Cohort<\/a> und <a href=\"https:\/\/www.tree.unibe.ch\/\">TREE<\/a> haben 2019 einen Lenkungsausschuss gegr\u00fcndet, der konkrete Massnahmen zur Entstehung eines rechtlichen und institutionellen Umfelds einleiten soll, um die Datenverkn\u00fcpfung f\u00fcr die Forschung unter Wahrung der Datensicherheit zu erleichtern.<\/p>\n\n\n\n<p>Das Ziel von linkhub.ch ist es, ein rechtliches und institutionelles Umfeld zu kreieren, das akademische und administrative Studien unterst\u00fctzt, die auf der Grundlage verkn\u00fcpfter Daten unter Beachtung des Schutzes personenbezogener Daten und wissenschaftlicher Grunds\u00e4tze basieren. Zu diesem Zweck beteiligt sich linkhub.ch an der Entwicklung einer nationalen Initiative zur Schaffung eines rechtlichen und institutionellen Umfelds, das an die Produktion und Nutzung von verkn\u00fcpften Daten angepasst ist ( siehe Abschnitt <a href=\"https:\/\/linkhub.ch\/de\/mandat\/\">Mandat<\/a>).<\/p>\n\n\n\n<p>Dar\u00fcber hinaus bietet linkhub.ch methodische Unterst\u00fctzung bei der Verkn\u00fcpfung von Individual- und Kontextdaten (siehe Abschnitt <a href=\"https:\/\/linkhub.ch\/de\/methodik\/\">Methodik<\/a>)<\/p>\n\n\n\n<h2 class=\"wp-block-heading\">Partner<\/h2>\n\n\n\n<p>Das Projekt linkhub.ch ist das Ergebnis einer Zusammenarbeit von verschiedenen Institutionen. 2019 wurde ein linkhub.ch Leitungsausschuss gegr\u00fcndet, bestehend aus Georg Lutz (FORS), Kurt Schmidheiny (Universit\u00e4t Basel und Swiss Network on Fiscal Federalism), Adrian Spoerri (Universit\u00e4t Bern, Schweizer RDL), Ben Jann (Universit\u00e4t Bern) und Philippe Wanner (NCCR on the move, Universit\u00e4t  Gen\u00e8ve).<\/p>\n\n\n\n<p><a rel=\"noreferrer noopener\" aria-label=\"FORS (opens in a new tab)\" href=\"https:\/\/forscenter.ch\/?lang=de\" target=\"_blank\">FORS<\/a> ist das Schweizer Kompetenzzentrum Sozialwissenschaften, mit Standort an der Universit\u00e4t Lausanne und wird vom Bund und durch Forschungsmandate des Schweizerischen Nationalfonds (SNF) finanziert. FORS verf\u00fcgt \u00fcber Expertise in den Bereichen Datenerhebung, Analyse und Archivierung. FORS stellt zudem den Sozialwissenschaften in der Schweiz Instrumente f\u00fcr die Informationsinfrastruktur zur Verf\u00fcgung und bietet Beratung f\u00fcr Forschende der Sozialwissenchaften an. FORS nutzt selber Datenverkn\u00fcpfungen in seiner Forschung.<\/p>\n\n\n\n<p><a href=\"https:\/\/nccr-onthemove.ch\/\">NCCR on the move<\/a>  ist der Nationale Forschungsschwerpunkt (NCCR) f\u00fcr Migrations- und Mobilit\u00e4tsstudien. Er hat zum Ziel, das Verst\u00e4ndnis f\u00fcr aktuelle Ph\u00e4nomene im Zusammenhang mit Migration und Mobilit\u00e4t in der Schweiz und dar\u00fcber hinaus zu vertiefen. Als Bindeglied zwischen den Disziplinen entwickelte NCCR on the move verschiedene Verkn\u00fcpfungen zwischen Verwaltungsregistern, um Integration und Migration zu beschreiben. NCCR on the move ist an der Universit\u00e4t Neuenburg angesiedelt. <\/p>\n\n\n\n<p><a rel=\"noreferrer noopener\" aria-label=\"TREE (opens in a new tab)\" href=\"https:\/\/www.tree.unibe.ch\/\" target=\"_blank\">TREE<\/a>, Transitionen von der Erstausbildung ins Erwerbsleben, ist eine mehrkohortige Panelbefragung von Schulabg\u00e4ngerinnen und Schulabg\u00e4ngern aus der ganzen Schweiz, die w\u00e4hrend ihrer postobligatorischen Ausbildung bis ins Erwerbsleben und ins Erwachsenenalter befragt werden. TREE ist an der Universit\u00e4t Bern (Institut f\u00fcr Soziologie des Departements f\u00fcr Sozialwissenschaften) angesiedelt und wird vom Schweizerischen Nationalfonds finanziert. Datenverkn\u00fcpfungen sind f\u00fcr das TREE-Projekt vor allem im Hinblick auf die Erg\u00e4nzung der Erhebungsdaten mit Adminstrativdaten des Bildungssystems relevant.<\/p>\n\n\n\n<p><a rel=\"noreferrer noopener\" href=\"https:\/\/www.swissrdl.unibe.ch\/\" target=\"_blank\">SwissRDL<\/a>&nbsp;ist ein Kompetenzzentrum f\u00fcr medizinische Register und Datenverkn\u00fcpfungen und Teil des Instituts f\u00fcr Sozial- und Pr\u00e4ventivmedizin an der Universit\u00e4t Bern. SwissRDL entwickelt, pflegt, \u00fcberwacht und analysiert Register und f\u00fchrt f\u00fcr Partner im In- und Ausland Projekte im Bereich der Verkn\u00fcpfung von Registerdaten durch. SwissRDL verf\u00fcgt \u00fcber langj\u00e4hrige Erfahrung in der Verkn\u00fcpfung, zum Beispiel mit der Swiss National Cohort SNC. SwissRDL hat Methoden zur probabilistischen Verkn\u00fcpfung von Datens\u00e4tzen unter Wahrung des Datenschutzes entwickelt.<\/p>\n\n\n\n<p>Das <a rel=\"noreferrer noopener\" href=\"https:\/\/www.swissrdl.unibe.ch\/\" target=\"_blank\">Swiss Network on Fiscal Federalism<\/a>&nbsp;bringt Forschende der \u00d6konomie zusammen, die das Schweizer Labor f\u00fcr die empirische Forschung in den Bereichen Staatsfinanzen, Volkswirtschaft und Regional\u00f6konomie nutzen wollen. Das Netzwerk organisiert regelm\u00e4\u00dfig Workshops und bietet eine Plattform f\u00fcr die Datenweitergabe.<\/p>\n","protected":false},"excerpt":{"rendered":"<p>linkhub.ch ist eine strategische Initiative, die darauf abzielt, den Zugang zu und die Verkn\u00fcpfung von Daten f\u00fcr Forschungszwecke zu erleichtern. Ausgangslage Die durch die Digitalisierung induzierte Zunahme von Daten und die Vervielfachung von Daten und Datenquellen bieten beispiellose M\u00f6glichkeiten, Wissen<\/p>\n","protected":false},"author":1,"featured_media":0,"parent":0,"menu_order":0,"comment_status":"closed","ping_status":"closed","template":"","meta":{"footnotes":""},"class_list":["post-42","page","type-page","status-publish","hentry"],"aioseo_notices":[],"_links":{"self":[{"href":"https:\/\/linkhub.ch\/de\/wp-json\/wp\/v2\/pages\/42","targetHints":{"allow":["GET"]}}],"collection":[{"href":"https:\/\/linkhub.ch\/de\/wp-json\/wp\/v2\/pages"}],"about":[{"href":"https:\/\/linkhub.ch\/de\/wp-json\/wp\/v2\/types\/page"}],"author":[{"embeddable":true,"href":"https:\/\/linkhub.ch\/de\/wp-json\/wp\/v2\/users\/1"}],"replies":[{"embeddable":true,"href":"https:\/\/linkhub.ch\/de\/wp-json\/wp\/v2\/comments?post=42"}],"version-history":[{"count":21,"href":"https:\/\/linkhub.ch\/de\/wp-json\/wp\/v2\/pages\/42\/revisions"}],"predecessor-version":[{"id":730,"href":"https:\/\/linkhub.ch\/de\/wp-json\/wp\/v2\/pages\/42\/revisions\/730"}],"wp:attachment":[{"href":"https:\/\/linkhub.ch\/de\/wp-json\/wp\/v2\/media?parent=42"}],"curies":[{"name":"wp","href":"https:\/\/api.w.org\/{rel}","templated":true}]}}