{"id":54,"date":"2019-07-16T14:41:38","date_gmt":"2019-07-16T14:41:38","guid":{"rendered":"https:\/\/linkhub.ch\/?page_id=54"},"modified":"2020-11-09T15:20:05","modified_gmt":"2020-11-09T15:20:05","slug":"mandat","status":"publish","type":"page","link":"https:\/\/linkhub.ch\/de\/mandat\/","title":{"rendered":"Mandat"},"content":{"rendered":"\n<p><\/p>\n\n\n\n<p class=\"has-background has-very-light-gray-background-color\">Der Zugang zu qualitativ hochwertigen Daten ist eine wichtige strategische Ressource und ein Schl\u00fcsselfaktor, um die Forschung innerhalb der Verwaltung, von akademischen Institutionen und dem privaten Sektor voranzubringen. Auch der analytische Wert von Datenquellen nimmt erheblich zu, wenn es m\u00f6glich ist, Daten aus verschiedenen Quellen zu verkn\u00fcpfen: Die Datenverkn\u00fcpfung erh\u00f6ht den Wissensfortschritt, die Genauigkeit und die Kostenwirksamkeit und verringert gleichzeitig die Belastung der Befragten. Forschung, insbesondere in den Sozial- und Medizinwissenschaften, basiert im Wesentlichen auf der Analyse von Daten, meist Individualdaten, die mitunter hochsensibel sind. <br><br>Um die Datenverkn\u00fcpfung f\u00fcr die Forschung zu erleichtern und gleichzeitig den Schutz von Personendaten und wissenschaftlichen Grunds\u00e4tzen zu respektieren, befasst sich linkhub.ch mit folgendem Mandat:<\/p>\n\n\n\n<h2 class=\"wp-block-heading\"><strong>Die F\u00f6rderung eines rechtlichen und institutionellen Umfelds, das die akademische und administrative Forschung auf der Grundlage der Datenverkn\u00fcpfung unterst\u00fctzt.<\/strong><\/h2>\n\n\n\n<ul class=\"wp-block-list\"><li><strong>Etablierung eines Netzwerks von Partnern, um die Notwendigkeit des Zugangs zu administrativen und privaten Daten f\u00fcr die Forschung und deren Verkn\u00fcpfung zu f\u00f6rdern<\/strong>.<\/li><\/ul>\n\n\n\n<p>linkhub.ch\norganisierte im Oktober 2019 einen Workshop, um die Notwendigkeit einer\nnationalen Strategie f\u00fcr den Zugang zu administrativen und privaten Daten f\u00fcr\ndie Forschung und deren Verkn\u00fcpfung zu diskutieren. An diesem Workshop nahmen\nmehrere Bundes\u00e4mter und wichtige Akteure im Bereich Daten und Forschung in der\nSchweiz teil: die BAG, das BFS, das BSV, die HTW Chur, die SAGW, das SBFI, das\nSECO, das SEM, die SLHS, der SNF, das SPHN, die Schweizer Universit\u00e4ten, SWITCH\nsowie die Institutionen der Mitglieder des Lenkungsausschusses von linkhub.ch,\nFORS, der Universit\u00e4t Bern, der Universit\u00e4t Basel und der Universit\u00e4t Genf.<\/p>\n\n\n\n<p>Als Ergebnis dieses\nWorkshops hat sich eine Arbeitsgruppe gebildet, die eine nationale Initiative\nf\u00fcr den Zugang zu administrativen und privaten Daten f\u00fcr die Forschung\nlancieren soll.<\/p>\n\n\n\n<p>Linkhub.ch ist auch am Connectome-Projekt von SWITCH beteiligt, einem Pilotprojekt, das zusammen mit sieben Partnern die Vision eines Research Data Connectome vorantreibt. Ziel von Connectome ist es, Daten aus verschiedenen Disziplinen, die an verschiedenen Orten gespeichert sind, leicht auffindbar, zug\u00e4nglich, wiederverwendbar und miteinander verbunden zu machen.<\/p>\n\n\n\n<ul class=\"wp-block-list\"><li><strong>Verfassungs eines Berichts \u00fcber den Zugang zu und die Verkn\u00fcpfung von administrativen und privaten Daten f\u00fcr die Forschung im Auftrag der SAGW.<\/strong><\/li><\/ul>\n\n\n\n<p>Im Rahmen der\nArbeitsgruppe zur nationalen Initiative f\u00fcr den Zugang zu administrativen und\nprivaten Daten f\u00fcr die Forschung, die vom Lenkungsausschuss von linkhub.ch\ninitiiert wurde, hat FORS im Auftrag der SAGW einen Bericht verfasst, der die\naktuelle Praxis und die rechtlichen Grundlagen f\u00fcr den Zugang zu sensiblen\nadministrativen und privaten Daten (insbesondere Personendaten) f\u00fcr die\nForschung in der Schweiz darlegt. Der Bericht schl\u00e4gt auch Optionen und\nVorschl\u00e4ge f\u00fcr \u00c4nderungen des rechtlichen Rahmens vor, die den Zugang zu Daten\nund die Verkn\u00fcpfung von Daten mit dieser Methodik erleichtern w\u00fcrden.<\/p>\n\n\n\n<p>Ziel ist es, den\nzust\u00e4ndigen Organen der BFI (SBF, SNF, Schweizer Universit\u00e4ten, ETH-Bereich)\nund anderen Akteuren (Switch) eine Entscheidungsgrundlage und m\u00f6gliche L\u00f6sungen\nzu liefern. Der Bericht richtet sich auch an die mit dem Thema befassten\nBundes\u00e4mter und an die wissenschaftliche Gemeinschaft, d.h. an Disziplinen, die\nForschung auf der Basis von Personendaten betreiben, wie die\nSozialwissenschaften und die Humanmedizin. <\/p>\n\n\n\n<p>Der Bericht wurde im\nSeptember 2020 einer interessierten Leserschaft vorgelegt.<\/p>\n\n\n\n<p class=\"has-text-color has-vivid-cyan-blue-color\"><a href=\"https:\/\/linkhub.ch\/de\/report\/\">Links zum <\/a><a href=\"https:\/\/linkhub.ch\/de\/bericht\/\">Bericht<\/a><\/p>\n\n\n\n<h2 class=\"wp-block-heading\"><strong>Datenverkn\u00fcpfung<\/strong><\/h2>\n\n\n\n<p>Um die Datenverkn\u00fcpfung zu erleichtern, bietet linkhub.ch methodische Unterst\u00fctzung an (siehe Abschnitt <a href=\"https:\/\/linkhub.ch\/de\/methodik\/\">Methodik<\/a>)<\/p>\n","protected":false},"excerpt":{"rendered":"<p>linkhub.ch liefert rechtliche und institutionelle Rahmenbedingungen f\u00fcr die Verkn\u00fcpfung von Daten<\/p>\n","protected":false},"author":1,"featured_media":0,"parent":0,"menu_order":0,"comment_status":"closed","ping_status":"closed","template":"","meta":{"footnotes":""},"class_list":["post-54","page","type-page","status-publish","hentry"],"aioseo_notices":[],"_links":{"self":[{"href":"https:\/\/linkhub.ch\/de\/wp-json\/wp\/v2\/pages\/54","targetHints":{"allow":["GET"]}}],"collection":[{"href":"https:\/\/linkhub.ch\/de\/wp-json\/wp\/v2\/pages"}],"about":[{"href":"https:\/\/linkhub.ch\/de\/wp-json\/wp\/v2\/types\/page"}],"author":[{"embeddable":true,"href":"https:\/\/linkhub.ch\/de\/wp-json\/wp\/v2\/users\/1"}],"replies":[{"embeddable":true,"href":"https:\/\/linkhub.ch\/de\/wp-json\/wp\/v2\/comments?post=54"}],"version-history":[{"count":18,"href":"https:\/\/linkhub.ch\/de\/wp-json\/wp\/v2\/pages\/54\/revisions"}],"predecessor-version":[{"id":747,"href":"https:\/\/linkhub.ch\/de\/wp-json\/wp\/v2\/pages\/54\/revisions\/747"}],"wp:attachment":[{"href":"https:\/\/linkhub.ch\/de\/wp-json\/wp\/v2\/media?parent=54"}],"curies":[{"name":"wp","href":"https:\/\/api.w.org\/{rel}","templated":true}]}}