{"id":41,"date":"2019-07-16T14:41:22","date_gmt":"2019-07-16T14:41:22","guid":{"rendered":"https:\/\/linkhub.ch\/?page_id=41"},"modified":"2020-11-10T10:11:32","modified_gmt":"2020-11-10T10:11:32","slug":"about","status":"publish","type":"page","link":"https:\/\/linkhub.ch\/fr\/about\/","title":{"rendered":"A propos"},"content":{"rendered":"\n<p class=\"has-background has-very-light-gray-background-color\">Linkhub.ch est une initiative strat\u00e9gique qui vise \u00e0 faciliter l&#8217;acc\u00e8s aux donn\u00e9es et leur mise en relation \u00e0 des fins de recherche.<\/p>\n\n\n\n<h2 class=\"wp-block-heading\">Contexte<\/h2>\n\n\n\n<p>L\u2019augmentation des donn\u00e9es produites et la multiplication des sources de donn\u00e9es induites par la num\u00e9risation offrent des moyens sans pr\u00e9c\u00e9dent pour g\u00e9n\u00e9rer des connaissances sur les soci\u00e9t\u00e9s. L&#8217;acc\u00e8s aux donn\u00e9es des secteurs public et priv\u00e9 et leur analyse sont essentiels pour produire des connaissances pertinentes pour la soci\u00e9t\u00e9 et les politiques men\u00e9es. Cependant, malgr\u00e9 l&#8217;existence de donn\u00e9es nombreuses et pr\u00e9cises, et du potentiel qu\u2019elles repr\u00e9sentent, leur utilisation reste d\u00e9licate pour les chercheur\u00b7e\u00b7s et l&#8217;administration. Les difficult\u00e9s sont notamment li\u00e9es \u00e0 l&#8217;accessibilit\u00e9 et \u00e0 l\u2019appariement de ces donn\u00e9es, ainsi qu&#8217;au stockage des donn\u00e9es appari\u00e9es pour la reproductibilit\u00e9\u00a0des analyses et les analyses secondaires. <\/p>\n\n\n\n<p>Or,\nl\u2019appariement de donn\u00e9es est une source importante d\u2019informations car il permet\nde cr\u00e9er une information originale en associant des donn\u00e9es relatives \u00e0 un m\u00eame\nsujet ou un m\u00eame individu \u00e0 partir de diff\u00e9rentes sources existantes.<\/p>\n\n\n\n<h2 class=\"wp-block-heading\">Objectif<\/h2>\n\n\n\n<p>Pour favoriser et accompagner l\u2019utilisation de l\u2019appariement de donn\u00e9es, plusieurs partenaires, <a href=\"https:\/\/forscenter.ch\/?lang=fr\">FORS<\/a>, le <a href=\"https:\/\/nccr-onthemove.ch\/\">PNR on the move<\/a>, le <a href=\"https:\/\/centre-lives.ch\/fr\">centre LIVES<\/a>, <a href=\"https:\/\/www.swissrdl.unibe.ch\/\">Swiss RDL<\/a>, <a href=\"https:\/\/www.swissnationalcohort.ch\/\">Swiss National Cohort<\/a> et <a href=\"https:\/\/www.tree.unibe.ch\/index_fra.html\">TREE <\/a>ont uni leurs forces pour  initier des mesures concr\u00e8tes pour la cr\u00e9ation d&#8217;un environnement juridique et institutionnel facilitant l\u2019appariement des donn\u00e9es pour la recherche tout en garantissant la s\u00e9curit\u00e9 des donn\u00e9es.  <\/p>\n\n\n\n<p>Dans ce contexte, l&#8217;objectif de linkhub.ch est de guider la cr\u00e9ation d&#8217;un environnement juridique et institutionnel qui soutient les \u00e9tudes acad\u00e9miques et administratives bas\u00e9es sur des donn\u00e9es li\u00e9es respectant la protection des donn\u00e9es personnelles et les principes scientifiques. <\/p>\n\n\n\n<p>A cette fin, linkhub.ch a initi\u00e9 le d\u00e9veloppement d\u2019une strat\u00e9gie nationale visant \u00e0 cr\u00e9er un environnement r\u00e9glementaire et institutionnel pour travailler avec des donn\u00e9es appari\u00e9es (<a href=\"https:\/\/linkhub.ch\/fr\/mission\/\">Mission<\/a>). <\/p>\n\n\n\n<p>Linkhub.ch dispense \u00e9galement des savoir-faire m\u00e9thodologiques pour apparier les donn\u00e9es individuelles et contextuelles (<a href=\"https:\/\/linkhub.ch\/fr\/methodologie\/\">M\u00e9thodologie<\/a>).<\/p>\n\n\n\n<h2 class=\"wp-block-heading\">Partenaires<\/h2>\n\n\n\n<p>Le projet linkhub.ch est le fruit d&#8217;une collaboration entre plusieurs institutions.  Un comit\u00e9 de pilotage a \u00e9t\u00e9 mis en place en 2019, compos\u00e9 de Georg Lutz (FORS), Kurt Schmidheiny (Universit\u00e9 de B\u00e2le, R\u00e9seau suisse sur le f\u00e9d\u00e9ralisme fiscal), Adrian Spoerri (Universit\u00e9 de Berne, Swiss RDL), Ben Jann (Universit\u00e9 de Berne) et Philippe Wanner (PNR on the move, Universit\u00e9 de Gen\u00e8ve).  <\/p>\n\n\n\n<p><a aria-label=\"FORS (opens in a new tab)\" rel=\"noreferrer noopener\" href=\"https:\/\/forscenter.ch\/?lang=fr\" target=\"_blank\">FORS<\/a> est le Centre de Comp\u00e9tences Suisse en Sciences Sociales, h\u00e9berg\u00e9 par l&#8217;Universit\u00e9 de Lausanne et financ\u00e9 par la Conf\u00e9d\u00e9ration et par des mandats de recherche du FNS. FORS est expert en collecte, analyse et archivage de donn\u00e9es et fournit des infrastructures et des services pour les sciences sociales en Suisse. FORS utilise l\u2019appariement de donn\u00e9es pour ses propres recherches.<\/p>\n\n\n\n<p><a href=\"https:\/\/www.tree.unibe.ch\/index_fra.html\">TREE<\/a>, Transitions de l\u2019Ecole \u00e0 l\u2018Emploi, TREE est une grande enqu\u00eate longitudinale qui suit des adolescents de toute la Suisse apr\u00e8s leur scolarit\u00e9 obligatoire dans leur parcours de formation post-obligatoire et pendant leur transition vers la vie adulte et professionnelle. Ce projet est d\u00e9velopp\u00e9 \u00e0 l&#8217;Universit\u00e9 de Berne, \u00e0 l&#8217;Institut de sociologie du D\u00e9partement des sciences sociales, et est financ\u00e9 par le FNS. L&#8217;appariement de donn\u00e9es permet \u00e0 TREE d&#8217;enrichir les donn\u00e9es d\u2019enqu\u00eate avec l&#8217;information provenant des dossiers administratifs du syst\u00e8me d&#8217;\u00e9ducation.<\/p>\n\n\n\n<p><a href=\"https:\/\/nccr-onthemove.ch\/\">Le PRN on the move<\/a> est le P\u00f4le de recherche national (PRN) pour les \u00e9tudes sur les migrations et la mobilit\u00e9. Son objectif est d&#8217;am\u00e9liorer la compr\u00e9hension des ph\u00e9nom\u00e8nes contemporains li\u00e9s \u00e0 la migration et \u00e0 la mobilit\u00e9 en Suisse et \u00e0 l&#8217;\u00e9tranger. En connectant les disciplines, le PRN a d\u00e9velopp\u00e9 diff\u00e9rents liens entre les registres administratifs pour d\u00e9crire l&#8217;int\u00e9gration et la migration. Il est h\u00e9berg\u00e9 par l&#8217;Universit\u00e9 de Neuch\u00e2tel.<\/p>\n\n\n\n<p><a href=\"https:\/\/www.swissrdl.unibe.ch\/\">SwissRDL<\/a> est un centre d&#8217;excellence pour les registres m\u00e9dicaux et l\u2019appariement de donn\u00e9es, et fait partie de l&#8217;Institut de m\u00e9decine sociale et pr\u00e9ventive de l&#8217;Universit\u00e9 de Berne. Le Centre d\u00e9veloppe, tient \u00e0 jour, \u00e9value et analyse les registres, et g\u00e8re des projets d\u2019appariement de donn\u00e9es pour des partenaires en Suisse et \u00e0 l&#8217;\u00e9tranger. SwissRDL dispose d&#8217;une longue exp\u00e9rience en mati\u00e8re d\u2019appariement de donn\u00e9es, par exemple avec la Swiss National Cohort SNC\u00a0; il a mis au point des m\u00e9thodes d\u2019appariement probabiliste de donn\u00e9es permettant de pr\u00e9server le respect de la vie priv\u00e9e.\u00a0<\/p>\n\n\n\n<p><a href=\"http:\/\/www.fiscalfederalism.ch\/\">Le R\u00e9seau suisse sur le f\u00e9d\u00e9ralisme fiscal<\/a> r\u00e9unit des \u00e9conomistes universitaires int\u00e9ress\u00e9s par le d\u00e9veloppement du laboratoire Suisse de recherche empirique en finances publiques, \u00e9conomie politique et \u00e9conomie r\u00e9gionale. Il organise r\u00e9guli\u00e8rement des ateliers et offre une plate-forme de diffusion des donn\u00e9es.&nbsp; <\/p>\n","protected":false},"excerpt":{"rendered":"<p>Linkhub.ch est une initiative strat\u00e9gique qui vise \u00e0 faciliter l&#8217;acc\u00e8s aux donn\u00e9es et leur mise en relation \u00e0 des fins de recherche. Contexte L\u2019augmentation des donn\u00e9es produites et la multiplication des sources de donn\u00e9es induites par la num\u00e9risation offrent des<\/p>\n","protected":false},"author":1,"featured_media":0,"parent":0,"menu_order":0,"comment_status":"closed","ping_status":"closed","template":"","meta":{"footnotes":""},"class_list":["post-41","page","type-page","status-publish","hentry"],"aioseo_notices":[],"_links":{"self":[{"href":"https:\/\/linkhub.ch\/fr\/wp-json\/wp\/v2\/pages\/41","targetHints":{"allow":["GET"]}}],"collection":[{"href":"https:\/\/linkhub.ch\/fr\/wp-json\/wp\/v2\/pages"}],"about":[{"href":"https:\/\/linkhub.ch\/fr\/wp-json\/wp\/v2\/types\/page"}],"author":[{"embeddable":true,"href":"https:\/\/linkhub.ch\/fr\/wp-json\/wp\/v2\/users\/1"}],"replies":[{"embeddable":true,"href":"https:\/\/linkhub.ch\/fr\/wp-json\/wp\/v2\/comments?post=41"}],"version-history":[{"count":41,"href":"https:\/\/linkhub.ch\/fr\/wp-json\/wp\/v2\/pages\/41\/revisions"}],"predecessor-version":[{"id":793,"href":"https:\/\/linkhub.ch\/fr\/wp-json\/wp\/v2\/pages\/41\/revisions\/793"}],"wp:attachment":[{"href":"https:\/\/linkhub.ch\/fr\/wp-json\/wp\/v2\/media?parent=41"}],"curies":[{"name":"wp","href":"https:\/\/api.w.org\/{rel}","templated":true}]}}