{"id":53,"date":"2019-07-16T14:41:38","date_gmt":"2019-07-16T14:41:38","guid":{"rendered":"https:\/\/linkhub.ch\/?page_id=53"},"modified":"2020-11-10T10:31:41","modified_gmt":"2020-11-10T10:31:41","slug":"mission","status":"publish","type":"page","link":"https:\/\/linkhub.ch\/fr\/mission\/","title":{"rendered":"Mission"},"content":{"rendered":"\n<p class=\"has-background has-very-light-gray-background-color\">L&#8217;acc\u00e8s \u00e0 des donn\u00e9es de haute qualit\u00e9 est une ressource strat\u00e9gique importante et un facteur cl\u00e9 pour faire avancer la recherche au sein de l&#8217;administration, des institutions universitaires et du secteur priv\u00e9. La valeur analytique des sources de donn\u00e9es augmente \u00e9galement de mani\u00e8re substantielle la possibilit\u00e9 de relier des donn\u00e9es provenant de diff\u00e9rentes sources : le couplage des donn\u00e9es permet d&#8217;accro\u00eetre les connaissances, la pr\u00e9cision et la rentabilit\u00e9, tout en r\u00e9duisant la charge des r\u00e9pondants. La recherche, en particulier dans les sciences sociales et m\u00e9dicales, repose essentiellement sur l&#8217;analyse de donn\u00e9es, principalement des donn\u00e9es individuelles, qui sont parfois tr\u00e8s sensibles. <br><br>Pour faciliter l\u2019appariement de donn\u00e9es pour la recherche tout en respectant la protection des donn\u00e9es personnelles et les principes scientifiques, les missions du linkhub.ch sont :<\/p>\n\n\n\n<h2 class=\"wp-block-heading\">La cr\u00e9ation d&#8217;un environnement juridique et institutionnel en faveur des recherches acad\u00e9miques et administratives bas\u00e9es sur l\u2019appariement de donn\u00e9es <\/h2>\n\n\n\n<ul class=\"wp-block-list\"><li><strong>R\u00e9seau de partenaires pour promouvoir le besoin d&#8217;acc\u00e8s aux donn\u00e9es administratives et priv\u00e9es pour la recherche et leur mise en relation.<\/strong><\/li><\/ul>\n\n\n\n<p>Le linkhub.ch a organis\u00e9 un workshop\nen octobre 2019 avec les principaux acteurs publics de l\u2019appariement de donn\u00e9es\npour discuter de la n\u00e9cessit\u00e9 d&#8217;une strat\u00e9gie nationale pour l&#8217;acc\u00e8s et le\ncouplage des donn\u00e9es administratives et priv\u00e9es pour la recherche. Ce workshop\na r\u00e9uni plusieurs offices f\u00e9d\u00e9raux et acteurs majeurs dans le domaine des\ndonn\u00e9es et de la recherche en Suisse : l\u2019OFSP, l&#8217;OFS, l\u2019OFS, la HTW Coire, la\nFHGR, le SEFRI, le SECO, le SEM, le SLHS, le FNS, le SPHN, swissuniversities,\nSWITCH et les institutions des membres du comit\u00e9 de pilotage de linkhub.ch :\nFORS, l&#8217;Universit\u00e9 de Berne, l&#8217;Universit\u00e9 de B\u00e2le et l&#8217;Universit\u00e9 de\nGen\u00e8ve.&nbsp; Suite \u00e0 ce workshop, un groupe\nde travail a \u00e9t\u00e9 constitu\u00e9 pour lancer une initiative nationale pour l&#8217;acc\u00e8s\naux donn\u00e9es administratives et priv\u00e9es pour la recherche.<\/p>\n\n\n\n<p>Linkhub.ch est \u00e9galement impliqu\u00e9 dans le projet Connectome de SWITCH, un projet pilote pour faire avancer la vision d&#8217;un Connectome de donn\u00e9es de recherche avec sept partenaires. Le Connectome vise \u00e0 rendre les donn\u00e9es de diverses disciplines stock\u00e9es dans diff\u00e9rents endroits FAIR (Faciles \u00e0 (re)trouver, Accessibles, Interop\u00e9rables et R\u00e9utilisables)  et connect\u00e9es.<\/p>\n\n\n\n<ul class=\"wp-block-list\"><li><strong>Rapport sur l&#8217;acc\u00e8s aux donn\u00e9es administratives et priv\u00e9es pour la recherche et leur mise en relation, sous mandat du SAGW.<\/strong><\/li><\/ul>\n\n\n\n<p>Dans le cadre du groupe de travail sur\nl\u2019initiative nationale pr\u00e9cit\u00e9, l\u2019ASSH a mandat\u00e9 FORS pour r\u00e9diger un rapport\nd\u00e9taillant les pratiques actuelles et la base juridique de l&#8217;acc\u00e8s aux donn\u00e9es\nadministratives et priv\u00e9es sensibles (en particulier les donn\u00e9es personnelles)\net leur appariement pour la recherche en Suisse. <\/p>\n\n\n\n<p>Les difficult\u00e9s d&#8217;acc\u00e8s, d&#8217;utilisation et de liaison des donn\u00e9es administratives priv\u00e9es pour la recherche sont principalement dues \u00e0 des probl\u00e8mes de s\u00e9curit\u00e9. Regrouper au m\u00eame endroit de nombreuses informations sur une personne peut pr\u00e9senter des risques pour la protection des donn\u00e9es individuelles. Pour r\u00e9pondre \u00e0 cette probl\u00e9matique, le rapport pr\u00e9conise des modifications du cadre juridique et l\u00e9gal ainsi que des solutions institutionnelles et techniques concr\u00e8tes qui faciliteraient l&#8217;acc\u00e8s aux donn\u00e9es et l\u2019appariement des donn\u00e9es en garantissant leur s\u00e9curit\u00e9.<\/p>\n\n\n\n<p>L&#8217;objectif est de fournir aux organes comp\u00e9tents de l&#8217;ERI (SERI, FNS, swissuniversities, domaine des EPF) et aux autres parties prenantes (SWITCH) une base de d\u00e9cision et des solutions possibles. Le rapport s&#8217;adresse \u00e9galement aux offices f\u00e9d\u00e9raux concern\u00e9s par le sujet et \u00e0 la communaut\u00e9 scientifique, c&#8217;est-\u00e0-dire aux disciplines qui effectuent des recherches sur la base de donn\u00e9es personnelles, comme les sciences sociales et la m\u00e9decine humaine. <\/p>\n\n\n\n<p class=\"has-text-color has-vivid-cyan-blue-color\"><a href=\"https:\/\/linkhub.ch\/fr\/rapport\/\">Lien vers le rapport<\/a><\/p>\n\n\n\n<h3 class=\"wp-block-heading\">La diffusion de connaissances sur l&#8217;appariement de donn\u00e9es <\/h3>\n\n\n\n<p>Afin de faciliter l\u2019appariement de donn\u00e9es, linkhub.ch propose une aide m\u00e9thodologique. Pour y acc\u00e9der, vous pouvez vous rendre \u00e0 l\u2019onglet <a href=\"https:\/\/linkhub.ch\/fr\/methodologie\/\">M\u00e9thodologie<\/a>. <\/p>\n","protected":false},"excerpt":{"rendered":"<p>linkhub.ch guide la cr\u00e9ation d&#8217;un cadre juridique et institutionnel pour apparier les donn\u00e9es<\/p>\n","protected":false},"author":1,"featured_media":0,"parent":0,"menu_order":0,"comment_status":"closed","ping_status":"closed","template":"","meta":{"footnotes":""},"class_list":["post-53","page","type-page","status-publish","hentry"],"aioseo_notices":[],"_links":{"self":[{"href":"https:\/\/linkhub.ch\/fr\/wp-json\/wp\/v2\/pages\/53","targetHints":{"allow":["GET"]}}],"collection":[{"href":"https:\/\/linkhub.ch\/fr\/wp-json\/wp\/v2\/pages"}],"about":[{"href":"https:\/\/linkhub.ch\/fr\/wp-json\/wp\/v2\/types\/page"}],"author":[{"embeddable":true,"href":"https:\/\/linkhub.ch\/fr\/wp-json\/wp\/v2\/users\/1"}],"replies":[{"embeddable":true,"href":"https:\/\/linkhub.ch\/fr\/wp-json\/wp\/v2\/comments?post=53"}],"version-history":[{"count":28,"href":"https:\/\/linkhub.ch\/fr\/wp-json\/wp\/v2\/pages\/53\/revisions"}],"predecessor-version":[{"id":797,"href":"https:\/\/linkhub.ch\/fr\/wp-json\/wp\/v2\/pages\/53\/revisions\/797"}],"wp:attachment":[{"href":"https:\/\/linkhub.ch\/fr\/wp-json\/wp\/v2\/media?parent=53"}],"curies":[{"name":"wp","href":"https:\/\/api.w.org\/{rel}","templated":true}]}}